{"id":5847,"date":"2024-04-03T19:58:19","date_gmt":"2024-04-03T22:58:19","guid":{"rendered":"https:\/\/galeriaisabelanchorena.com\/?page_id=5847"},"modified":"2024-04-04T11:29:02","modified_gmt":"2024-04-04T14:29:02","slug":"categorias","status":"publish","type":"page","link":"https:\/\/galeriaisabelanchorena.com\/en\/categorias\/","title":{"rendered":"Categorias"},"content":{"rendered":"\t\t<div data-elementor-type=\"wp-page\" data-elementor-id=\"5847\" class=\"elementor elementor-5847\" data-elementor-post-type=\"page\">\n\t\t\t\t<div class=\"elementor-element elementor-element-6a7ff18 e-flex e-con-boxed e-con e-parent\" data-id=\"6a7ff18\" data-element_type=\"container\">\n\t\t\t\t\t<div class=\"e-con-inner\">\n\t\t\t\t\t<\/div>\n\t\t\t\t<\/div>\n\t\t\t\t<\/div>\n\t\t","protected":false},"excerpt":{"rendered":"<p>Todas Actual Futuras Archivos Teresa Durm\u00fcller &#8220;Territorios&#8221; Inauguraci\u00f3n: Mi\u00e9rcoles 13 de marzo 2024, 19:00Hs Cierre: 22\/04\/24 LIBERTAD 1389, RECOLETA Eugenio Monferran-Dalmiro Sirabo Eugenio Monferran- Dalmiro Sirabo -Percepciones- Inauguraci\u00f3n: Mi\u00e9rcoles 14 de Marzo, 19 hs Cierre: Lunes 16 de Abril 2018<\/p>\n","protected":false},"author":2,"featured_media":0,"parent":0,"menu_order":0,"comment_status":"closed","ping_status":"closed","template":"","meta":{"pgc_sgb_lightbox_settings":"","footnotes":""},"class_list":["post-5847","page","type-page","status-publish","hentry"],"rttpg_featured_image_url":null,"rttpg_author":{"display_name":"Isabel Anchorena","author_link":"https:\/\/galeriaisabelanchorena.com\/en\/author\/isabel\/"},"rttpg_comment":0,"rttpg_category":" <a href=\"https:\/\/galeriaisabelanchorena.com\/?taxonomy=translation_priority&#038;term=opcional\" rel=\"tag\">Opcional<\/a>","rttpg_excerpt":"Todas Actual Futuras Archivos Teresa Durm\u00fcller &#8220;Territorios&#8221; Inauguraci\u00f3n: Mi\u00e9rcoles 13 de marzo 2024, 19:00Hs Cierre: 22\/04\/24 LIBERTAD 1389, RECOLETA Eugenio Monferran-Dalmiro Sirabo Eugenio Monferran- Dalmiro Sirabo -Percepciones- Inauguraci\u00f3n: Mi\u00e9rcoles 14 de Marzo, 19 hs Cierre: Lunes 16 de Abril 2018","_links":{"self":[{"href":"https:\/\/galeriaisabelanchorena.com\/en\/wp-json\/wp\/v2\/pages\/5847","targetHints":{"allow":["GET"]}}],"collection":[{"href":"https:\/\/galeriaisabelanchorena.com\/en\/wp-json\/wp\/v2\/pages"}],"about":[{"href":"https:\/\/galeriaisabelanchorena.com\/en\/wp-json\/wp\/v2\/types\/page"}],"author":[{"embeddable":true,"href":"https:\/\/galeriaisabelanchorena.com\/en\/wp-json\/wp\/v2\/users\/2"}],"replies":[{"embeddable":true,"href":"https:\/\/galeriaisabelanchorena.com\/en\/wp-json\/wp\/v2\/comments?post=5847"}],"version-history":[{"count":36,"href":"https:\/\/galeriaisabelanchorena.com\/en\/wp-json\/wp\/v2\/pages\/5847\/revisions"}],"predecessor-version":[{"id":5906,"href":"https:\/\/galeriaisabelanchorena.com\/en\/wp-json\/wp\/v2\/pages\/5847\/revisions\/5906"}],"wp:attachment":[{"href":"https:\/\/galeriaisabelanchorena.com\/en\/wp-json\/wp\/v2\/media?parent=5847"}],"curies":[{"name":"wp","href":"https:\/\/api.w.org\/{rel}","templated":true}]}}