{"id":7544,"date":"2025-05-20T19:33:43","date_gmt":"2025-05-20T22:33:43","guid":{"rendered":"https:\/\/galeriaisabelanchorena.com\/?page_id=7544"},"modified":"2025-06-18T18:29:47","modified_gmt":"2025-06-18T21:29:47","slug":"como-compro-2","status":"publish","type":"page","link":"https:\/\/galeriaisabelanchorena.com\/en\/como-compro-2\/","title":{"rendered":"\u00bfC\u00f3mo compro?"},"content":{"rendered":"\n<p style=\"font-size:22px\">Si est\u00e1s interesado en adquirir una obra de arte, pod\u00e9s contactarnos directamente por correo electr\u00f3nico. Te brindaremos toda la informaci\u00f3n sobre disponibilidad, precios, formas de pago y env\u00edos nacionales e internacionales.<\/p>\n\n\n\n<p style=\"font-size:22px\">Nuestro equipo te brindar\u00e1 atenci\u00f3n personalizada para acompa\u00f1arte en todo el proceso de compra.<\/p>\n\n\n\n<p class=\"has-vivid-cyan-blue-color has-text-color has-link-color wp-elements-965eafefd52b1b0097040baa58fb1557\" style=\"font-size:21px\">galeria@galeriaisabelanchorena.com<\/p>\n\n\n\n<p class=\"has-vivid-cyan-blue-color has-text-color has-link-color wp-elements-acf226666ea7052c79f6e784c1ba438a\" style=\"font-size:21px\">isabelanchorena@gmail.com<\/p>\n\n\n<div class=\"wpforms-container wpforms-container-full wpforms-block wpforms-block-3eff8fb9-c60d-4786-8e71-75401ee44dc3 contact-form\" id=\"wpforms-1960\"><form id=\"wpforms-form-1960\" class=\"wpforms-validate wpforms-form\" data-formid=\"1960\" method=\"post\" enctype=\"multipart\/form-data\" action=\"\/en\/wp-json\/wp\/v2\/pages\/7544\" data-token=\"bdd582541ad099c919e9f031045d1bc4\" data-token-time=\"1776485796\"><noscript class=\"wpforms-error-noscript\">Please enable JavaScript in your browser to complete this form.<\/noscript><div class=\"wpforms-field-container\"><div id=\"wpforms-1960-field_5-container\" class=\"wpforms-field wpforms-field-text\" data-field-id=\"5\"><label class=\"wpforms-field-label\" for=\"wpforms-1960-field_5\">Location<\/label><input type=\"text\" id=\"wpforms-1960-field_5\" class=\"wpforms-field-medium\" name=\"wpforms[fields][5]\" ><\/div><div id=\"wpforms-1960-field_0-container\" class=\"wpforms-field wpforms-field-name\" data-field-id=\"0\"><label class=\"wpforms-field-label\" for=\"wpforms-1960-field_0\">Name <span class=\"wpforms-required-label\">*<\/span><\/label><input type=\"text\" id=\"wpforms-1960-field_0\" class=\"wpforms-field-medium wpforms-field-required\" name=\"wpforms[fields][0]\" required><\/div><div id=\"wpforms-1960-field_1-container\" class=\"wpforms-field wpforms-field-email\" data-field-id=\"1\"><label class=\"wpforms-field-label\" for=\"wpforms-1960-field_1\">E-mail <span class=\"wpforms-required-label\">*<\/span><\/label><input type=\"email\" id=\"wpforms-1960-field_1\" class=\"wpforms-field-medium wpforms-field-required\" name=\"wpforms[fields][1]\" spellcheck=\"false\" required><\/div><div id=\"wpforms-1960-field_2-container\" class=\"wpforms-field wpforms-field-textarea\" data-field-id=\"2\"><label class=\"wpforms-field-label\" for=\"wpforms-1960-field_2\">Comment or Message <span class=\"wpforms-required-label\">*<\/span><\/label><textarea id=\"wpforms-1960-field_2\" class=\"wpforms-field-medium wpforms-field-required\" name=\"wpforms[fields][2]\" required><\/textarea><\/div><\/div><!-- .wpforms-field-container --><div class=\"wpforms-field wpforms-field-hp\"><label for=\"wpforms-1960-field-hp\" class=\"wpforms-field-label\">Comment<\/label><input type=\"text\" name=\"wpforms[hp]\" id=\"wpforms-1960-field-hp\" class=\"wpforms-field-medium\"><\/div><div class=\"wpforms-submit-container\" ><input type=\"hidden\" name=\"wpforms[id]\" value=\"1960\"><input type=\"hidden\" name=\"page_title\" value=\"\"><input type=\"hidden\" name=\"page_url\" value=\"https:\/\/galeriaisabelanchorena.com\/en\/wp-json\/wp\/v2\/pages\/7544\"><input type=\"hidden\" name=\"url_referer\" value=\"\"><button type=\"submit\" name=\"wpforms[submit]\" id=\"wpforms-submit-1960\" class=\"wpforms-submit\" data-alt-text=\"Sending...\" data-submit-text=\"Submit\" aria-live=\"assertive\" value=\"wpforms-submit\">Submit<\/button><\/div><\/form><\/div>  <!-- .wpforms-container -->","protected":false},"excerpt":{"rendered":"<p>Si est\u00e1s interesado en adquirir una obra de arte, pod\u00e9s contactarnos directamente por correo electr\u00f3nico. Te brindaremos toda la informaci\u00f3n sobre disponibilidad, precios, formas de pago y env\u00edos nacionales e internacionales. Nuestro equipo te brindar\u00e1 atenci\u00f3n personalizada para acompa\u00f1arte en todo el proceso de compra. galeria@galeriaisabelanchorena.com isabelanchorena@gmail.com<\/p>\n","protected":false},"author":2,"featured_media":0,"parent":0,"menu_order":0,"comment_status":"closed","ping_status":"closed","template":"","meta":{"pgc_sgb_lightbox_settings":"","footnotes":""},"class_list":["post-7544","page","type-page","status-publish","hentry"],"rttpg_featured_image_url":null,"rttpg_author":{"display_name":"Isabel Anchorena","author_link":"https:\/\/galeriaisabelanchorena.com\/en\/author\/isabel\/"},"rttpg_comment":0,"rttpg_category":" <a href=\"https:\/\/galeriaisabelanchorena.com\/?taxonomy=translation_priority&#038;term=opcional\" rel=\"tag\">Opcional<\/a>","rttpg_excerpt":"Si est\u00e1s interesado en adquirir una obra de arte, pod\u00e9s contactarnos directamente por correo electr\u00f3nico. Te brindaremos toda la informaci\u00f3n sobre disponibilidad, precios, formas de pago y env\u00edos nacionales e internacionales. Nuestro equipo te brindar\u00e1 atenci\u00f3n personalizada para acompa\u00f1arte en todo el proceso de compra. galeria@galeriaisabelanchorena.com isabelanchorena@gmail.com","_links":{"self":[{"href":"https:\/\/galeriaisabelanchorena.com\/en\/wp-json\/wp\/v2\/pages\/7544","targetHints":{"allow":["GET"]}}],"collection":[{"href":"https:\/\/galeriaisabelanchorena.com\/en\/wp-json\/wp\/v2\/pages"}],"about":[{"href":"https:\/\/galeriaisabelanchorena.com\/en\/wp-json\/wp\/v2\/types\/page"}],"author":[{"embeddable":true,"href":"https:\/\/galeriaisabelanchorena.com\/en\/wp-json\/wp\/v2\/users\/2"}],"replies":[{"embeddable":true,"href":"https:\/\/galeriaisabelanchorena.com\/en\/wp-json\/wp\/v2\/comments?post=7544"}],"version-history":[{"count":3,"href":"https:\/\/galeriaisabelanchorena.com\/en\/wp-json\/wp\/v2\/pages\/7544\/revisions"}],"predecessor-version":[{"id":7734,"href":"https:\/\/galeriaisabelanchorena.com\/en\/wp-json\/wp\/v2\/pages\/7544\/revisions\/7734"}],"wp:attachment":[{"href":"https:\/\/galeriaisabelanchorena.com\/en\/wp-json\/wp\/v2\/media?parent=7544"}],"curies":[{"name":"wp","href":"https:\/\/api.w.org\/{rel}","templated":true}]}}